{"id":8371,"date":"2021-08-09T16:23:57","date_gmt":"2021-08-09T14:23:57","guid":{"rendered":"https:\/\/maito.mymaito.com\/privacy-policy\/"},"modified":"2026-01-29T09:39:32","modified_gmt":"2026-01-29T08:39:32","slug":"privacy-policy","status":"publish","type":"page","link":"https:\/\/maitodal1960.com\/en\/privacy-policy\/","title":{"rendered":"Privacy Policy"},"content":{"rendered":"\t\t<div data-elementor-type=\"wp-page\" data-elementor-id=\"8371\" class=\"elementor elementor-8371 elementor-3844\" data-elementor-post-type=\"page\">\n\t\t\t\t<div class=\"elementor-element elementor-element-aaabe7b e-con-full e-flex e-con e-parent\" data-id=\"aaabe7b\" data-element_type=\"container\" data-e-type=\"container\" data-settings=\"{&quot;background_background&quot;:&quot;classic&quot;}\">\n\t\t\t\t<div class=\"elementor-element elementor-element-32e36c3 animated-fast elementor-invisible elementor-widget elementor-widget-heading\" data-id=\"32e36c3\" data-element_type=\"widget\" data-e-type=\"widget\" data-settings=\"{&quot;_animation&quot;:&quot;fadeIn&quot;}\" data-widget_type=\"heading.default\">\n\t\t\t\t\t<h2 class=\"elementor-heading-title elementor-size-default\">Privacy Policy<\/h2>\t\t\t\t<\/div>\n\t\t\t\t<div class=\"elementor-element elementor-element-ae40a4b bounce elementor-absolute elementor-view-default elementor-invisible elementor-widget elementor-widget-icon\" data-id=\"ae40a4b\" data-element_type=\"widget\" data-e-type=\"widget\" data-settings=\"{&quot;_animation&quot;:&quot;fadeInDown&quot;,&quot;_position&quot;:&quot;absolute&quot;}\" data-widget_type=\"icon.default\">\n\t\t\t\t\t\t\t<div class=\"elementor-icon-wrapper\">\n\t\t\t<a class=\"elementor-icon\" href=\"#intro\">\n\t\t\t\t\t\t<\/a>\n\t\t<\/div>\n\t\t\t\t\t\t<\/div>\n\t\t\t\t<\/div>\n\t\t<div class=\"elementor-element elementor-element-356bc7a e-flex e-con-boxed e-con e-parent\" data-id=\"356bc7a\" data-element_type=\"container\" data-e-type=\"container\" id=\"intro\">\n\t\t\t\t\t<div class=\"e-con-inner\">\n\t\t\t\t<div class=\"elementor-element elementor-element-3fd89bc elementor-widget elementor-widget-text-editor\" data-id=\"3fd89bc\" data-element_type=\"widget\" data-e-type=\"widget\" id=\"privacy\" data-widget_type=\"text-editor.default\">\n\t\t\t\t\t\t\t\t\t<p>Gentile Utente,<br>nel rispetto di quanto previsto dal <a href=\"https:\/\/eur-lex.europa.eu\/legal-content\/it\/TXT\/?uri=CELEX:32016R0679\" target=\"_blank\" rel=\"noopener nofollow\">Reg. UE 2016\/679 <\/a> (GDPR) e del <a href=\"https:\/\/www.camera.it\/parlam\/leggi\/deleghe\/Testi\/03196dl.htm\" target=\"_blank\" rel=\"noopener nofollow\">D.lgs. 196\/2003<\/a>, cos\u00ec come modificato dal D.lgs. 101\/2018, con la presente informativa <strong>Mait\u00f3 dal 1960 Srl<\/strong> &#8211; in qualit\u00e0 di Titolare del trattamento &#8211; fornisce le dovute informazioni in ordine al trattamento dei dati personali forniti nella presente pagina web. La presente informativa \u00e8 valida esclusivamente per il sito <a href=\"http:\/\/www.mymaito.com\/\" rel=\"nofollow noopener\" target=\"_blank\">www.mymaito.com<\/a> e relativi sottodomini e non \u00e8 da considerarsi valida per altri siti web eventualmente consultabili tramite link presenti sul sito internet a dominio del Titolare.<\/p><p>Gli utenti\/visitatori dovranno leggere attentamente la presente Privacy Policy prima di inoltrare qualsiasi tipo di informazione personale e\/o compilare qualunque modulo elettronico o form presente sul sito stesso.<\/p><h2>1. Titolare del trattamento<\/h2><p>Il Titolare del trattamento, ai sensi degli artt. 4 e 24 del <a href=\"https:\/\/eur-lex.europa.eu\/legal-content\/it\/TXT\/?uri=CELEX:32016R0679\" target=\"_blank\" rel=\"noopener nofollow\">Reg. UE 2016\/679 <\/a> \u00e8:<\/p><p><strong>Mait\u00f3 dal 1960 Srl<br><\/strong>Piazza Gino Menconi, 13<br>54033 &#8211; Carrara (MS)<br>P. IVA 01470830462<\/p><p>Il Titolare pu\u00f2 essere contattato all\u2019indirizzo e-mail:<br><a href=\"mailto:maitodal1960@legalmail.it\" target=\"_blank\" rel=\"noopener\">maitodal1960@legalmail.it.<\/a><\/p><h2>2. Tipologia di dati trattati e raccolti<\/h2><ul><li>Dati forniti volontariamente dall&#8217;utente: dati identificativi e dati di contatto forniti dagli interessati nell\u2019apposito form;<\/li><li>Dati raccolti passivamente, cio\u00e8 attraverso il sito web (ad es. indirizzo IP, posizione, tipo di browser);<\/li><li>Cookie e altri sistemi di tracciamento: come indicato nell\u2019apposita <a href=\"https:\/\/maitodal1960.com\/en\/cookie-policy\/\">informativa cookie<\/a>.<\/li><\/ul><h2>3. Base giuridica, liceit\u00e0 e finalit\u00e0 del trattamento<\/h2><p>La base giuridica che legittima il trattamento \u00e8 l\u2019esecuzione di obblighi precontrattuali e, nei casi espressamente previsti, il consenso dell\u2019interessato.<\/p><p>La informiamo che tratteremo i dati da Lei comunicati nel rispetto delle condizioni di liceit\u00e0 previste dall\u2019art. 6  <a href=\"https:\/\/eur-lex.europa.eu\/legal-content\/it\/TXT\/?uri=CELEX:32016R0679\" target=\"_blank\" rel=\"noopener nofollow\">Reg. UE 2016\/679 <\/a> e nella misura strettamente necessaria per adempiere alle seguenti finalit\u00e0:<\/p><ol><li>per consentire la navigazione e fruizione servizi presenti sul presente sito web;<\/li><li>per dare riscontro alle richieste di informazioni e\/o di preventivo;<\/li><li>previo rilascio di consenso, per ricevere informazioni in merito ad eventi e attivit\u00e0 organizzate dalla societ\u00e0.<\/li><\/ol><h2>4. Destinatari o categorie di destinatari dei dati personali<\/h2><p>I dati raccolti potranno essere accessibili unicamente ai dipendenti incaricati e non saranno in alcun caso oggetto di diffusione. I dati raccolti potranno inoltre essere temporaneamente resi accessibili anche a societ\u00e0, nominate <em>ex<\/em> art. 28 <a href=\"https:\/\/eur-lex.europa.eu\/legal-content\/it\/TXT\/?uri=CELEX:32016R0679\" target=\"_blank\" rel=\"noopener nofollow\">Reg. UE 2016\/679 <\/a>, per la gestione\/manutenzione del sistema informatico, delle reti di comunicazione e della piattaforma web.<\/p><h2>5. Trasferimento dati verso un paese terzo e\/o un\u2019organizzazione internazionale<\/h2><p>L\u2019utilizzo di Google Drive o Dropbox pu\u00f2 comportare il trasferimento di dati su server collocati all\u2019estero (sia UE che extra UE), sempre in conformit\u00e0 alle disposizioni di Legge applicabili e, comunque, nel rispetto della massima sicurezza.<\/p><h2>6. Periodo di conservazione o criteri utilizzati per determinare tale periodo<\/h2><p>Nel rispetto di quanto previsto dall\u2019art. 5  <a href=\"https:\/\/eur-lex.europa.eu\/legal-content\/it\/TXT\/?uri=CELEX:32016R0679\" target=\"_blank\" rel=\"noopener nofollow\">Reg. UE 2016\/679 <\/a> e del principio di minimizzazione, i dati raccolti verranno conservati su sistemi informatici protetti per un arco di tempo non superiore al conseguimento delle finalit\u00e0 per le quali i dati personali sono raccolti, e comunque non oltre il <strong>termine di 24 mesi dalla raccolta. <\/strong>Qualora Lei per qualsiasi motivo ritenga esaurita la finalit\u00e0 del trattamento (prima del suddetto termine) dovr\u00e0 darne comunicazione scritta al Titolare, che proceder\u00e0 all\u2019immediata cancellazione dei dati raccolti.<\/p><h2>7. Diritti degli interessati e modalit\u00e0 di esercizio degli stessi<\/h2><p>Nella sua qualit\u00e0 di interessato Lei potr\u00e0 far valere i propri diritti di cui al Capo III (artt. 15-22) del <a href=\"https:\/\/eur-lex.europa.eu\/legal-content\/it\/TXT\/?uri=CELEX:32016R0679\" target=\"_blank\" rel=\"noopener nofollow\">Reg. UE 2016\/679 <\/a> rivolgendosi al Titolare del trattamento tramite posta elettronica all\u2019indirizzo <a href=\"mailto:info@mymaito.com\">info@mymaito.com<\/a>, tramite raccomandata a\/r &#8211; c\/o l\u2019indirizzo della sede legale della societ\u00e0 &#8211; ovvero mediante consegna cartacea.<\/p><p>I diritti di cui gode, ai sensi del <a href=\"https:\/\/eur-lex.europa.eu\/legal-content\/it\/TXT\/?uri=CELEX:32016R0679\" target=\"_blank\" rel=\"noopener nofollow\">Reg. UE 2016\/679 <\/a>, sono precisamente i seguenti:<\/p><ul><li>accesso;<\/li><li>rettifica;<\/li><li>cancellazione;<\/li><li>la revoca del consenso;<\/li><li>limitazione del trattamento;<\/li><li>opposizione al trattamento;<\/li><li>portabilit\u00e0.<\/li><\/ul><p>Tali diritti le sono garantiti senza oneri e formalit\u00e0 particolari per il loro esercizio, che si intende essenzialmente a titolo gratuito.<\/p><p>Fatta salva ogni altra azione in sede amministrativa o giudiziale, Lei pu\u00f2 altres\u00ec presentare un reclamo all\u2019Autorit\u00e0 di controllo secondo quanto previsto dal <a href=\"https:\/\/eur-lex.europa.eu\/legal-content\/it\/TXT\/?uri=CELEX:32016R0679\" target=\"_blank\" rel=\"noopener nofollow\">Reg. UE 2016\/679<\/a> e dal Codice Privacy, come modificato dal <a href=\"https:\/\/www.gazzettaufficiale.it\/eli\/id\/2018\/09\/04\/18G00129\/sg\" target=\"_blank\" rel=\"noopener nofollow\">D. Lgs 101\/2018<\/a>.<\/p><h2>8. Modalit\u00e0 del trattamento dei dati<\/h2><p>I dati personali da lei conferiti saranno elaborati, gestiti ed archiviati con l\u2019ausilio di strumenti elettronici informatici e comunque in modo da garantire la sicurezza e la riservatezza degli stessi. Il trattamento verr\u00e0 effettuato dal personale interno espressamente autorizzato.<\/p><p>Il trattamento dei dati personali avviene senza l\u2019intervento di sistemi o processi automatizzati e non viene effettuata attivit\u00e0 di profilazione.<\/p><h2>9. Natura del conferimento<\/h2><p>A parte quanto specificato per i dati di navigazione, l\u2019utente \u00e8 libero di fornire i dati personali riportati nei moduli di richiesta o comunque indicati in contatti per sollecitare l\u2019invio di materiale informativo o di altre comunicazioni. Il loro mancato conferimento pu\u00f2 comportare l\u2019impossibilit\u00e0 di ottenere quanto richiesto.<\/p><h2>10. Diffusione dei dati<\/h2><p>I dati personali raccolti non saranno in nessun caso e a nessun titolo diffusi a soggetti terzi non autorizzati dal Titolare e potranno essere esibiti soltanto su richiesta dell\u2019Autorit\u00e0 Giudiziaria, Finanziaria e Garante, nonch\u00e9 a tutti gli altri soggetti ai quali la comunicazione sia obbligatoria per legge per l\u2019espletamento delle finalit\u00e0 dette.<\/p><p style=\"text-align: right;\"><strong>                                  <\/strong><strong><strong>Il Titolare del trattamento<\/strong><br>Mait\u00f3 dal 1960 Srl<\/strong> <\/p>\t\t\t\t\t\t\t\t<\/div>\n\t\t\t\t\t<\/div>\n\t\t\t\t<\/div>\n\t\t\t\t<\/div>\n\t\t","protected":false},"excerpt":{"rendered":"<p>Privacy Policy Gentile Utente,nel rispetto di quanto previsto dal Reg. UE 2016\/679 (GDPR) e del D.lgs. 196\/2003, cos\u00ec come modificato dal D.lgs. 101\/2018, con la presente informativa Mait\u00f3 dal 1960 Srl &#8211; in qualit\u00e0 di Titolare del trattamento &#8211; fornisce le dovute informazioni in ordine al trattamento dei dati personali forniti nella presente pagina web. [&hellip;]<\/p>\n","protected":false},"author":1,"featured_media":7381,"parent":0,"menu_order":0,"comment_status":"closed","ping_status":"closed","template":"","meta":{"_acf_changed":false,"footnotes":""},"categories":[],"tags":[],"class_list":["post-8371","page","type-page","status-publish","has-post-thumbnail","hentry"],"acf":[],"_links":{"self":[{"href":"https:\/\/maitodal1960.com\/en\/wp-json\/wp\/v2\/pages\/8371","targetHints":{"allow":["GET"]}}],"collection":[{"href":"https:\/\/maitodal1960.com\/en\/wp-json\/wp\/v2\/pages"}],"about":[{"href":"https:\/\/maitodal1960.com\/en\/wp-json\/wp\/v2\/types\/page"}],"author":[{"embeddable":true,"href":"https:\/\/maitodal1960.com\/en\/wp-json\/wp\/v2\/users\/1"}],"replies":[{"embeddable":true,"href":"https:\/\/maitodal1960.com\/en\/wp-json\/wp\/v2\/comments?post=8371"}],"version-history":[{"count":0,"href":"https:\/\/maitodal1960.com\/en\/wp-json\/wp\/v2\/pages\/8371\/revisions"}],"wp:featuredmedia":[{"embeddable":true,"href":"https:\/\/maitodal1960.com\/en\/wp-json\/wp\/v2\/media\/7381"}],"wp:attachment":[{"href":"https:\/\/maitodal1960.com\/en\/wp-json\/wp\/v2\/media?parent=8371"}],"wp:term":[{"taxonomy":"category","embeddable":true,"href":"https:\/\/maitodal1960.com\/en\/wp-json\/wp\/v2\/categories?post=8371"},{"taxonomy":"post_tag","embeddable":true,"href":"https:\/\/maitodal1960.com\/en\/wp-json\/wp\/v2\/tags?post=8371"}],"curies":[{"name":"wp","href":"https:\/\/api.w.org\/{rel}","templated":true}]}}